{"id":71,"date":"2023-04-12T20:16:50","date_gmt":"2023-04-12T20:16:50","guid":{"rendered":"https:\/\/flehmerfliesen.de\/?page_id=71"},"modified":"2024-03-27T19:15:11","modified_gmt":"2024-03-27T19:15:11","slug":"leistungen","status":"publish","type":"page","link":"https:\/\/flehmerfliesen.de\/index.php\/firma-willkommen\/leistungen\/","title":{"rendered":"Leistungen"},"content":{"rendered":"<p style=\"text-align: left;\"><span style=\"font-size: 18px;\"><span style=\"font-size: 25px;\">Ob eine kleine Reparatur oder eine Komplettsanierung eines Badezimmers. Jede Aufgabe hat seine eigenen Anforderungen. Dabei sind eher die individuellen und kleineren Projekte in unserem Fokus. Ob ein Badezimmer, eine K\u00fcche, eine Terrasse &#8211; wir lieben die Abwechslung.<\/span><br \/>\n<span style=\"font-size: 25px;\">Um Ihnen alles Ihren Vorstellungen entsprechend anbieten und liefern zu k\u00f6nnen ist in jedem Falle ein Vorgespr\u00e4ch und eine Begehung der R\u00e4umlichkeiten erforderlich.<\/span><br \/>\n<\/span><\/p>\n","protected":false},"excerpt":{"rendered":"<p>Ob eine kleine Reparatur oder eine Komplettsanierung eines Badezimmers. Jede Aufgabe hat seine eigenen Anforderungen. Dabei sind eher die individuellen und kleineren Projekte in unserem Fokus. Ob ein Badezimmer, eine K\u00fcche, eine Terrasse &#8211; wir lieben die Abwechslung. Um Ihnen alles Ihren Vorstellungen entsprechend anbieten und liefern zu k\u00f6nnen ist in jedem Falle ein Vorgespr\u00e4ch [&hellip;]<\/p>\n","protected":false},"author":1,"featured_media":0,"parent":22,"menu_order":0,"comment_status":"closed","ping_status":"closed","template":"","meta":{"footnotes":""},"_links":{"self":[{"href":"https:\/\/flehmerfliesen.de\/index.php\/wp-json\/wp\/v2\/pages\/71"}],"collection":[{"href":"https:\/\/flehmerfliesen.de\/index.php\/wp-json\/wp\/v2\/pages"}],"about":[{"href":"https:\/\/flehmerfliesen.de\/index.php\/wp-json\/wp\/v2\/types\/page"}],"author":[{"embeddable":true,"href":"https:\/\/flehmerfliesen.de\/index.php\/wp-json\/wp\/v2\/users\/1"}],"replies":[{"embeddable":true,"href":"https:\/\/flehmerfliesen.de\/index.php\/wp-json\/wp\/v2\/comments?post=71"}],"version-history":[{"count":12,"href":"https:\/\/flehmerfliesen.de\/index.php\/wp-json\/wp\/v2\/pages\/71\/revisions"}],"predecessor-version":[{"id":164,"href":"https:\/\/flehmerfliesen.de\/index.php\/wp-json\/wp\/v2\/pages\/71\/revisions\/164"}],"up":[{"embeddable":true,"href":"https:\/\/flehmerfliesen.de\/index.php\/wp-json\/wp\/v2\/pages\/22"}],"wp:attachment":[{"href":"https:\/\/flehmerfliesen.de\/index.php\/wp-json\/wp\/v2\/media?parent=71"}],"curies":[{"name":"wp","href":"https:\/\/api.w.org\/{rel}","templated":true}]}}