{"id":83,"date":"2023-04-18T16:25:23","date_gmt":"2023-04-18T16:25:23","guid":{"rendered":"https:\/\/flehmerfliesen.de\/?page_id=83"},"modified":"2024-03-27T19:31:54","modified_gmt":"2024-03-27T19:31:54","slug":"impressum","status":"publish","type":"page","link":"https:\/\/flehmerfliesen.de\/index.php\/impressum\/","title":{"rendered":"Impressum"},"content":{"rendered":"<div id=\"c159\" class=\"fsc-default ce-textmedia py-5\">\n<header class=\"header-159 h-1\">\n<h5>Inhaber: Carsten Flehmer<br \/>\nFliesenlegermeister<\/h5>\n<\/header>\n<p>Saalburgstra\u00dfe 94a<br \/>\nDeutschland 61130 Nidderau<\/p>\n<p><a class=\"phone-link\" title=\"\u00f6ffnet Link f\u00fcr Telefonverbindung\" href=\"tel:496441380355\">(+49) 160 2007057<\/a><\/p>\n<p><a class=\"email-link\" title=\"\u00f6ffnet E-Mail-Link\">info(add)flehmerfliesen.de<\/a><\/p>\n<p>Ust-Ident-Nummer gem\u00e4\u00df \u00a727 a Umsatzsteuergesetz: ..<br \/>\nHandelsregister: ..<\/p>\n<p>Verantwortlich f\u00fcr den Inhalt nach \u00a7 55 Abs. 2 RStV: Carsten Flehmer<\/p>\n<\/div>\n<div id=\"c184\" class=\"fsc-default ce-textmedia py-5\">\n<header class=\"header-184 h-1\">\n<h5>Datenschutz<\/h5>\n<\/header>\n<p><strong>Datenschutz ist uns wichtig<br \/>\n<\/strong>Vielen Dank f\u00fcr den Besuch unserer Website. Wir nehmen den Schutz Ihrer pers\u00f6nlichen Daten bei der Erhebung, Verarbeitung und Nutzung sehr ernst und sind daher bestrebt, Ihnen nicht nur ein umfassendes Online-Angebot zur Verf\u00fcgung zu stellen, sondern dabei auch Ihr Recht auf informationelle Selbstbestimmung zu gew\u00e4hrleisten. Als gesetzliche Grundlage dienen insbesondere die Datenschutzgrundverordnung (DS-GvO) und das Telemediengesetz (TMG). Sollte k\u00fcnftig eine \u00c4nderung dieser Datenschutz-Richtlinien n\u00f6tig werden, werden wir diese auf dieser Seite ver\u00f6ffentlichen.<\/p>\n<p><strong>1. Name und Kontaktdaten des f\u00fcr die Verarbeitung Verantwortlichen<br \/>\n<\/strong>Diese Datenschutzhinweise gelten f\u00fcr die Datenverarbeitung durch:<br \/>\n<strong>Inhaber<\/strong>: Carsten Flehmer<br \/>\nSaalburgstra\u00dfe 94a<br \/>\nDeutschland 61130 Nidderau<\/p>\n<p>Tel.: <a class=\"phone-link\" title=\"\u00f6ffnet Link f\u00fcr Telefonverbindung\" href=\"tel:496441380355\">(+49) 160 2007057<\/a><br \/>\n<a class=\"email-link\" title=\"\u00f6ffnet E-Mail-Link\">info(add)flehmerfliesen.de<\/a><br \/>\nUst-Ident-Nummer gem\u00e4\u00df \u00a727 a Umsatzsteuergesetz: ..<br \/>\nVerantwortlich f\u00fcr den Inhalt nach \u00a7 55 Abs. 2 RStV: Carsten Flehmer<\/p>\n<p><strong>2. Erhebung und Speicherung personenbezogener Daten sowie Art und Zweck und deren Verwendung<br \/>\n<\/strong><strong>2.1 Erhebung und Speicherung<br \/>\n<\/strong>Wir erheben nur die Daten, die Sie bei einem Kontakt mit uns freiwillig eingeben.<\/p>\n<p><strong>2.2 Wof\u00fcr verarbeiten wir Ihre Daten (Zweck der Verarbeitung) und auf welcher Rechtsgrundlage?<br \/>\n<\/strong>Im Nachfolgenden informieren wir Sie dar\u00fcber, wof\u00fcr und auf welcher Rechtsgrundlage wir Ihre Daten verarbeiten.<br \/>\n<strong>2.2.1 Zur Erf\u00fcllung von vertraglichen Pflichten (Art. 6 Abs. 1 Buchst. b DS-GVO)<\/strong><\/p>\n<ul class=\"rte-list\">\n<li>Wir verarbeiten Ihre Daten zur Durchf\u00fchrung unserer Kontakte mit Ihnen, d.h. insbesondere<\/li>\n<li>zur Vertrags-\/ Auftragserf\u00fcllung<\/li>\n<li>zur Korrespondenz mit Ihnen sowie allen Objektbeteiligten<\/li>\n<li>zur Rechnungsstellung<\/li>\n<li>zur Abwicklung von Gew\u00e4hrleistungsanspr\u00fcchen<\/li>\n<li>zur Abwicklung von evtl. vorliegenden Haftungsanspr\u00fcchen sowie der Geltendmachung etwaiger Anspr\u00fcche gegen Sie<\/li>\n<\/ul>\n<p><strong>2.2.2 Aufgrund Ihrer Einwilligung (Art. 6 Abs. 1 Buchst. a DS-GVO)<br \/>\n<\/strong>Soweit Sie uns eine Einwilligung zur Verarbeitung von personenbezogenen Daten erteilt haben, ist die jeweilige Einwilligung Rechtsgrundlage f\u00fcr die dort genannte Verarbeitung.<br \/>\nDies betrifft insbesondere Erhebung und Speicherung weiterer personenbezogenen Daten<br \/>\nSie k\u00f6nnen Einwilligungen jederzeit mit Wirkung f\u00fcr die Zukunft widerrufen. Wir setzen Sie davon in Kenntnis, dass durch den Widerruf der Einwilligung die Rechtm\u00e4\u00dfigkeit der aufgrund der Einwilligung bis zum Widerruf erfolgten Verarbeitung nicht ber\u00fchrt wird.<\/p>\n<p><strong>2.2.3. Aufgrund gesetzlicher Vorgaben (Art. 6 Abs. 1 Buchst. c DS-GVO)<br \/>\n<\/strong>Wir unterliegen verschiedenen rechtlichen Verpflichtungen, wie bspw. gesetzlichen handelsrechtlichen Aufbewahrungs- und Dokumentationspflichten (aus HGB, StGB oder AO).<\/p>\n<p><strong>3. Weitergabe von Daten an Dritte und Auftragsverarbeiter<br \/>\n<\/strong>Eine Weitergabe von personenbezogenen Daten Dritte findet nicht statt.<\/p>\n<p><strong>4. L\u00f6schung<br \/>\n<\/strong>Ihre personenbezogenen Daten werden von uns gel\u00f6scht, soweit diese f\u00fcr die Zwecke, f\u00fcr die sie erhoben oder auf sonstige Weise verarbeitet wurden, nicht mehr notwendig sind, die Verarbeitung nicht zur Aus\u00fcbung des Rechts auf freie Meinungs\u00e4u\u00dferung und Information, zur Erf\u00fcllung einer rechtlichen Verpflichtung, aus Gr\u00fcnden des \u00f6ffentlichen Interesses oder zur Geltendmachung, Aus\u00fcbung oder Verteidigung von Rechtsanspr\u00fcchen erforderlich sind.<\/p>\n<p><strong>5. Betroffenenrechte<br \/>\n<\/strong>Sie haben das Recht:<br \/>\ngem\u00e4\u00df Art. 7 Abs. 3 DS-GVO Ihre einmal erteilte Einwilligung jederzeit gegen\u00fcber uns zu widerrufen. Dies hat zur Folge, dass wir die Datenverarbeitung, die auf dieser Einwilligung beruhte, f\u00fcr die Zukunft nicht mehr fortf\u00fchren d\u00fcrfen;<br \/>\ngem\u00e4\u00df Art. 15 DS-GVO Auskunft \u00fcber Ihre von uns verarbeiteten personenbezogenen Daten zu verlangen. Insbesondere k\u00f6nnen Sie Auskunft \u00fcber die Verarbeitungszwecke, die Kategorie der personenbezogenen Daten, von Empf\u00e4ngern, gegen\u00fcber denen Ihre Daten offengelegt wurden oder werden, die geplante Speicherdauer, das Bestehen eines Rechts auf Berichtigung, L\u00f6schung, Einschr\u00e4nkung der Verarbeitung oder Widerspruch, das Bestehen eines Beschwerderechts, die Herkunft Ihrer Daten, sofern diese nicht bei uns erhoben wurden, sowie \u00fcber das Bestehen einer automatisierten Entscheidungsfindung einschlie\u00dflich Profiling und ggf. aussagekr\u00e4ftigen Informationen zu deren Einzelheiten verlangen;<br \/>\ngem\u00e4\u00df Art. 16 DS-GVO unverz\u00fcglich die Berichtigung unrichtiger oder Vervollst\u00e4ndigung Ihrer bei uns gespeicherten personenbezogenen Daten zu verlangen;<br \/>\ngem\u00e4\u00df Art. 17 DS-GVO die L\u00f6schung Ihrer bei uns gespeicherten personenbezogenen Daten zu verlangen, soweit diese f\u00fcr die Zwecke, f\u00fcr die sie erhoben oder auf sonstige Weise verarbeitet wurden, nicht mehr notwendig sind, die Verarbeitung nicht zur Aus\u00fcbung des Rechts auf freie Meinungs\u00e4u\u00dferung und Information, zur Erf\u00fcllung einer rechtlichen Verpflichtung, aus Gr\u00fcnden des \u00f6ffentlichen Interesses oder zur Geltendmachung, Aus\u00fcbung oder Verteidigung von Rechtsanspr\u00fcchen erforderlich ist;<br \/>\ngem\u00e4\u00df Art. 18 DS-GVO die Einschr\u00e4nkung der Verarbeitung Ihrer personenbezogenen Daten zu verlangen, soweit die Richtigkeit der Daten von Ihnen bestritten wird, die Verarbeitung unrechtm\u00e4\u00dfig ist, Sie aber deren L\u00f6schung ablehnen und wir die Daten nicht mehr ben\u00f6tigen, Sie jedoch diese zur Geltendmachung, Aus\u00fcbung oder Verteidigung von Rechtsanspr\u00fcchen ben\u00f6tigen oder Sie gem\u00e4\u00df Art. 21 DS-GVO Widerspruch gegen die Verarbeitung eingelegt haben;<br \/>\ngem\u00e4\u00df Art. 20 DS-GVO Ihre personenbezogenen Daten, die Sie uns bereitgestellt haben, in einem strukturierten, g\u00e4ngigen und maschinenlesebaren Format zu erhalten oder die \u00dcbermittlung an einen anderen Verantwortlichen zu verlangen und gem\u00e4\u00df Art. 77 DS-GVO sich bei einer Aufsichtsbeh\u00f6rde zu beschweren. In der Regel k\u00f6nnen Sie sich hierf\u00fcr an die Aufsichtsbeh\u00f6rde Ihres \u00fcblichen Aufenthaltsortes wenden.<\/p>\n<p><strong>6. Widerspruchsrecht<br \/>\n<\/strong>Sofern Ihre personenbezogenen Daten auf Grundlage von berechtigten Interessen gem\u00e4\u00df Art. 6 Abs. 1 S. 1 lit. f DS-GVO verarbeitet werden, haben Sie das Recht, gem\u00e4\u00df Art. 21 DS-GVO Widerspruch gegen die Verarbeitung Ihrer personenbezogenen Daten einzulegen, soweit daf\u00fcr Gr\u00fcnde vorliegen, die sich aus Ihrer besonderen Situation ergeben. M\u00f6chten Sie von Ihrem Widerspruchsrecht Gebrauch machen, gen\u00fcgt eine E-Mail an <a class=\"email-link\" title=\"\u00f6ffnet E-Mail-Link\">info(add)flehmerfliesen.de<\/a><\/p>\n<p><strong>Haben Sie weitere Fragen?<br \/>\n<\/strong>Sollten Sie weitere Fragen zur Erhebung, Verarbeitung und Nutzung Ihrer pers\u00f6nlichen Daten haben, wenden Sie sich bitte an unseren Datenschutzbeauftragten:<br \/>\n<a class=\"email-link\" title=\"\u00f6ffnet E-Mail-Link\">info(add)flehmerfliesen.de<\/a><\/p>\n<\/div>\n<div id=\"c242\" class=\"fsc-default ce-textmedia\">\n<header class=\"header-242 h-3\">\n<h5>BILDNACHWEIS<\/h5>\n<\/header>\n<p><strong>Startseite<\/strong><br \/>\nLogo: eigene Erstellung<\/p>\n<p><strong>\u00dcber uns<\/strong><br \/>\nPortraitbilder: eigene Aufnahmen<\/p>\n<p><strong>Leistungen<\/strong><br \/>\nEigene Erstellung<\/p>\n<p>&nbsp;<\/p>\n<\/div>\n","protected":false},"excerpt":{"rendered":"<p>Inhaber: Carsten Flehmer Fliesenlegermeister Saalburgstra\u00dfe 94a Deutschland 61130 Nidderau (+49) 160 2007057 info(add)flehmerfliesen.de Ust-Ident-Nummer gem\u00e4\u00df \u00a727 a Umsatzsteuergesetz: .. Handelsregister: .. Verantwortlich f\u00fcr den Inhalt nach \u00a7 55 Abs. 2 RStV: Carsten Flehmer Datenschutz Datenschutz ist uns wichtig Vielen Dank f\u00fcr den Besuch unserer Website. Wir nehmen den Schutz Ihrer pers\u00f6nlichen Daten bei der Erhebung, [&hellip;]<\/p>\n","protected":false},"author":1,"featured_media":0,"parent":0,"menu_order":0,"comment_status":"closed","ping_status":"closed","template":"","meta":{"footnotes":""},"_links":{"self":[{"href":"https:\/\/flehmerfliesen.de\/index.php\/wp-json\/wp\/v2\/pages\/83"}],"collection":[{"href":"https:\/\/flehmerfliesen.de\/index.php\/wp-json\/wp\/v2\/pages"}],"about":[{"href":"https:\/\/flehmerfliesen.de\/index.php\/wp-json\/wp\/v2\/types\/page"}],"author":[{"embeddable":true,"href":"https:\/\/flehmerfliesen.de\/index.php\/wp-json\/wp\/v2\/users\/1"}],"replies":[{"embeddable":true,"href":"https:\/\/flehmerfliesen.de\/index.php\/wp-json\/wp\/v2\/comments?post=83"}],"version-history":[{"count":4,"href":"https:\/\/flehmerfliesen.de\/index.php\/wp-json\/wp\/v2\/pages\/83\/revisions"}],"predecessor-version":[{"id":166,"href":"https:\/\/flehmerfliesen.de\/index.php\/wp-json\/wp\/v2\/pages\/83\/revisions\/166"}],"wp:attachment":[{"href":"https:\/\/flehmerfliesen.de\/index.php\/wp-json\/wp\/v2\/media?parent=83"}],"curies":[{"name":"wp","href":"https:\/\/api.w.org\/{rel}","templated":true}]}}